{"id":1897,"date":"2021-10-14T13:42:36","date_gmt":"2021-10-14T11:42:36","guid":{"rendered":"https:\/\/www.paris-hotel-eiffel-capitol.com\/informacao-legal\/"},"modified":"2023-07-11T13:20:22","modified_gmt":"2023-07-11T11:20:22","slug":"informacao-legal","status":"publish","type":"page","link":"https:\/\/www.paris-hotel-eiffel-capitol.com\/pt-pt\/informacao-legal\/","title":{"rendered":"Informa\u00e7\u00e3o legal"},"content":{"rendered":"\t\t<div data-elementor-type=\"wp-page\" data-elementor-id=\"1897\" class=\"elementor elementor-1897 elementor-1489\">\n\t\t\t\t\t\t<section class=\"elementor-section elementor-top-section elementor-element elementor-element-9363334 elementor-section-boxed elementor-section-height-default elementor-section-height-default wpr-particle-no wpr-jarallax-no wpr-parallax-no wpr-sticky-section-no\" data-id=\"9363334\" data-element_type=\"section\" data-e-type=\"section\">\n\t\t\t\t\t\t<div class=\"elementor-container elementor-column-gap-default\">\n\t\t\t\t\t<div class=\"elementor-column elementor-col-100 elementor-top-column elementor-element elementor-element-971b49f\" data-id=\"971b49f\" data-element_type=\"column\" data-e-type=\"column\">\n\t\t\t<div class=\"elementor-widget-wrap elementor-element-populated\">\n\t\t\t\t\t\t<div class=\"elementor-element elementor-element-1556642 elementor-widget elementor-widget-heading\" data-id=\"1556642\" data-element_type=\"widget\" data-e-type=\"widget\" data-widget_type=\"heading.default\">\n\t\t\t\t<div class=\"elementor-widget-container\">\n\t\t\t\t\t<h2 class=\"elementor-heading-title elementor-size-default\">MENTions l\u00e9gales<br>h\u00f4tel eiffel capitol<\/h2>\t\t\t\t<\/div>\n\t\t\t\t<\/div>\n\t\t\t\t<div class=\"elementor-element elementor-element-ba5c13b elementor-widget elementor-widget-heading\" data-id=\"ba5c13b\" data-element_type=\"widget\" data-e-type=\"widget\" data-widget_type=\"heading.default\">\n\t\t\t\t<div class=\"elementor-widget-container\">\n\t\t\t\t\t<h2 class=\"elementor-heading-title elementor-size-xl\">\u00e9diteur<\/h2>\t\t\t\t<\/div>\n\t\t\t\t<\/div>\n\t\t\t\t<div class=\"elementor-element elementor-element-0d02c45 elementor-widget elementor-widget-text-editor\" data-id=\"0d02c45\" data-element_type=\"widget\" data-e-type=\"widget\" data-widget_type=\"text-editor.default\">\n\t\t\t\t<div class=\"elementor-widget-container\">\n\t\t\t\t\t\t\t\t\t<p data-cms-69456603fc3d56e01f=\"\">Si\u00e8ge social : H\u00f4tel eiffel capitol<br \/>\nAdresse : 9 rue Viala &#8211; 75015 Paris<br \/>\nT\u00e9l : +33 (0)1 45 78 61 00<br \/>\nCourriel : reservation@ecapitolparis.com<\/p>\n<p data-cms-69728603fc3d56e069=\"\">SAS LE MERINOS au capital de 105000\u20ac<br \/>\nRCS 552126591\u2013 TVA FR25552126591<\/p>\n\t\t\t\t\t\t\t\t<\/div>\n\t\t\t\t<\/div>\n\t\t\t\t\t<\/div>\n\t\t<\/div>\n\t\t\t\t\t<\/div>\n\t\t<\/section>\n\t\t\t\t<section class=\"elementor-section elementor-top-section elementor-element elementor-element-f1ca833 elementor-section-boxed elementor-section-height-default elementor-section-height-default wpr-particle-no wpr-jarallax-no wpr-parallax-no wpr-sticky-section-no\" data-id=\"f1ca833\" data-element_type=\"section\" data-e-type=\"section\">\n\t\t\t\t\t\t<div class=\"elementor-container elementor-column-gap-default\">\n\t\t\t\t\t<div class=\"elementor-column elementor-col-100 elementor-top-column elementor-element elementor-element-5909ea8\" data-id=\"5909ea8\" data-element_type=\"column\" data-e-type=\"column\">\n\t\t\t<div class=\"elementor-widget-wrap elementor-element-populated\">\n\t\t\t\t\t\t<div class=\"elementor-element elementor-element-4844e17 elementor-widget elementor-widget-heading\" data-id=\"4844e17\" data-element_type=\"widget\" data-e-type=\"widget\" data-widget_type=\"heading.default\">\n\t\t\t\t<div class=\"elementor-widget-container\">\n\t\t\t\t\t<h2 class=\"elementor-heading-title elementor-size-xl\">alojamento<\/h2>\t\t\t\t<\/div>\n\t\t\t\t<\/div>\n\t\t\t\t<div class=\"elementor-element elementor-element-993cd0c elementor-widget elementor-widget-text-editor\" data-id=\"993cd0c\" data-element_type=\"widget\" data-e-type=\"widget\" data-widget_type=\"text-editor.default\">\n\t\t\t\t<div class=\"elementor-widget-container\">\n\t\t\t\t\t\t\t\t\t<p>OVH &#8211; Sociedade de responsabilidade limitada (SARL)<br \/>\nSIRET : 424 761 419 00011<br \/>\nEndere\u00e7o: 2 rue Kellermann &#8211; 59100 Roubaix &#8211; Fran\u00e7a.<br \/>\nConcep\u00e7\u00e3o do site : sitea.fr<\/p>\n\t\t\t\t\t\t\t\t<\/div>\n\t\t\t\t<\/div>\n\t\t\t\t\t<\/div>\n\t\t<\/div>\n\t\t\t\t\t<\/div>\n\t\t<\/section>\n\t\t\t\t<section class=\"elementor-section elementor-top-section elementor-element elementor-element-17b22f2 elementor-section-boxed elementor-section-height-default elementor-section-height-default wpr-particle-no wpr-jarallax-no wpr-parallax-no wpr-sticky-section-no\" data-id=\"17b22f2\" data-element_type=\"section\" data-e-type=\"section\">\n\t\t\t\t\t\t<div class=\"elementor-container elementor-column-gap-default\">\n\t\t\t\t\t<div class=\"elementor-column elementor-col-100 elementor-top-column elementor-element elementor-element-0754f11\" data-id=\"0754f11\" data-element_type=\"column\" data-e-type=\"column\">\n\t\t\t<div class=\"elementor-widget-wrap elementor-element-populated\">\n\t\t\t\t\t\t<div class=\"elementor-element elementor-element-66bf60e elementor-widget elementor-widget-text-editor\" data-id=\"66bf60e\" data-element_type=\"widget\" data-e-type=\"widget\" data-widget_type=\"text-editor.default\">\n\t\t\t\t<div class=\"elementor-widget-container\">\n\t\t\t\t\t\t\t\t\t<p>O site apresenta :<\/p>\n<p>Conte\u00fado informativo<\/p>\n<p>Lei de Protec\u00e7\u00e3o de Dados:<\/p>\n<p>O s\u00edtio est\u00e1 isento de declara\u00e7\u00e3o \u00e0 Comiss\u00e3o Nacional Inform\u00e1tica e Liberdades (CNIL) na medida em que n\u00e3o recolhe quaisquer dados relativos aos utilizadores.<\/p>\n<p>Propriedade: O site e as informa\u00e7\u00f5es nele contidas s\u00e3o protegidos pelo direito de propriedade intelectual franc\u00eas e por conven\u00e7\u00f5es internacionais.<\/p>\n<p>Qualquer utiliza\u00e7\u00e3o, reprodu\u00e7\u00e3o, distribui\u00e7\u00e3o, comercializa\u00e7\u00e3o ou modifica\u00e7\u00e3o de todo ou parte do site paris-hotel-des-nations-st-germain.com sem a autoriza\u00e7\u00e3o da Editora \u00e9 proibida e pode resultar em ac\u00e7\u00f5es legais e processos judiciais, como previsto no C\u00f3digo da Propriedade Intelectual franc\u00eas e no C\u00f3digo Civil.<\/p>\n\t\t\t\t\t\t\t\t<\/div>\n\t\t\t\t<\/div>\n\t\t\t\t\t<\/div>\n\t\t<\/div>\n\t\t\t\t\t<\/div>\n\t\t<\/section>\n\t\t\t\t<section class=\"elementor-section elementor-top-section elementor-element elementor-element-000036c elementor-section-boxed elementor-section-height-default elementor-section-height-default wpr-particle-no wpr-jarallax-no wpr-parallax-no wpr-sticky-section-no\" data-id=\"000036c\" data-element_type=\"section\" data-e-type=\"section\">\n\t\t\t\t\t\t<div class=\"elementor-container elementor-column-gap-default\">\n\t\t\t\t\t<div class=\"elementor-column elementor-col-100 elementor-top-column elementor-element elementor-element-118b9ee\" data-id=\"118b9ee\" data-element_type=\"column\" data-e-type=\"column\">\n\t\t\t<div class=\"elementor-widget-wrap elementor-element-populated\">\n\t\t\t\t\t\t<div class=\"elementor-element elementor-element-2fea447 elementor-widget elementor-widget-text-editor\" data-id=\"2fea447\" data-element_type=\"widget\" data-e-type=\"widget\" data-widget_type=\"text-editor.default\">\n\t\t\t\t<div class=\"elementor-widget-container\">\n\t\t\t\t\t\t\t\t\t<p>O Utilizador \u00e9 informado de que durante as suas visitas ao site, um cookie pode ser automaticamente instalado no seu navegador.<\/p>\n<p>Um cookie \u00e9 um elemento que n\u00e3o permite a identifica\u00e7\u00e3o do Utilizador mas \u00e9 utilizado para registar informa\u00e7\u00f5es relacionadas com a navega\u00e7\u00e3o do Utilizador no website. O Utilizador pode desactivar este cookie por meio das defini\u00e7\u00f5es do seu software de navega\u00e7\u00e3o.<\/p>\n<p>Mais informa\u00e7\u00f5es na p\u00e1gina cookie: Pol\u00edtica de bolachas<\/p>\n<p>Ap\u00f3s contactar o Servi\u00e7o de Apoio ao Cliente e n\u00e3o obter uma resposta satisfat\u00f3ria no prazo de 60 dias, De acordo com o disposto no C\u00f3digo do Consumidor, o cliente tem o direito de utilizar gratuitamente o servi\u00e7o de media\u00e7\u00e3o oferecido pelo nosso hotel. O mediador de consumo proposto \u00e9 o AME.<\/p>\n<p>Pode-se inserir:<\/p>\n<p>&#8211; pela Internet: www.mediationconso-ame.com;<\/p>\n<p>&#8211; ou por correio (preenchendo o formul\u00e1rio dispon\u00edvel no site): Media\u00e7\u00e3o de consumo AME- 197 Boulevard Saint-Germain &#8211; 75007 PARIS \u00bb<\/p>\n<p>Para deixar de receber chamadas telef\u00f4nicas comerciais n\u00e3o solicitadas, voc\u00ea pode se inscrever na lista Bloctel: https:\/\/www.bloctel.gouv.fr\/<\/p>\n\t\t\t\t\t\t\t\t<\/div>\n\t\t\t\t<\/div>\n\t\t\t\t\t<\/div>\n\t\t<\/div>\n\t\t\t\t\t<\/div>\n\t\t<\/section>\n\t\t\t\t<\/div>\n\t\t","protected":false},"excerpt":{"rendered":"<p>MENTions l\u00e9galesh\u00f4tel eiffel capitol \u00e9diteur Si\u00e8ge social : H\u00f4tel eiffel capitol Adresse : 9 rue Viala &#8211; 75015 Paris T\u00e9l : +33 (0)1 45 78 61 00 Courriel : reservation@ecapitolparis.com SAS LE MERINOS au capital de 105000\u20ac RCS 552126591\u2013 TVA FR25552126591 alojamento OVH &#8211; Sociedade de responsabilidade limitada (SARL) SIRET : 424 761 419 00011 Endere\u00e7o: 2 rue Kellermann &#8211; 59100 Roubaix &#8211; Fran\u00e7a. Concep\u00e7\u00e3o do site : sitea.fr O site apresenta : Conte\u00fado informativo Lei de Protec\u00e7\u00e3o de Dados: O s\u00edtio est\u00e1 isento de declara\u00e7\u00e3o \u00e0 Comiss\u00e3o Nacional Inform\u00e1tica e Liberdades (CNIL) na medida em que n\u00e3o recolhe quaisquer dados relativos aos utilizadores. Propriedade: O site e as informa\u00e7\u00f5es nele contidas s\u00e3o protegidos pelo direito de propriedade intelectual franc\u00eas e por conven\u00e7\u00f5es internacionais. Qualquer utiliza\u00e7\u00e3o, reprodu\u00e7\u00e3o, distribui\u00e7\u00e3o, comercializa\u00e7\u00e3o ou modifica\u00e7\u00e3o de todo ou parte do site paris-hotel-des-nations-st-germain.com sem a autoriza\u00e7\u00e3o da Editora \u00e9 proibida e pode resultar em ac\u00e7\u00f5es legais e processos judiciais, como previsto no C\u00f3digo da Propriedade Intelectual franc\u00eas e no C\u00f3digo Civil. O Utilizador \u00e9 informado de que durante as suas visitas ao site, um cookie pode ser automaticamente instalado no seu navegador. Um cookie \u00e9 um elemento que n\u00e3o permite a identifica\u00e7\u00e3o do Utilizador mas \u00e9 utilizado para registar informa\u00e7\u00f5es relacionadas com a navega\u00e7\u00e3o do Utilizador no website. O Utilizador pode desactivar este cookie por meio das defini\u00e7\u00f5es do seu software de navega\u00e7\u00e3o. Mais informa\u00e7\u00f5es na p\u00e1gina cookie: Pol\u00edtica de bolachas Ap\u00f3s contactar o Servi\u00e7o de Apoio ao Cliente e n\u00e3o obter uma resposta satisfat\u00f3ria no prazo de 60 dias, De acordo com o disposto no C\u00f3digo do Consumidor, o cliente tem o direito de utilizar gratuitamente o servi\u00e7o de media\u00e7\u00e3o oferecido pelo nosso hotel. O mediador de consumo proposto \u00e9 o AME. Pode-se inserir: &#8211; pela Internet: www.mediationconso-ame.com; &#8211; ou por correio (preenchendo o formul\u00e1rio dispon\u00edvel no site): Media\u00e7\u00e3o de consumo AME- 197 Boulevard Saint-Germain &#8211; 75007 PARIS \u00bb Para deixar de receber chamadas telef\u00f4nicas comerciais n\u00e3o solicitadas, voc\u00ea pode se inscrever na lista Bloctel: https:\/\/www.bloctel.gouv.fr\/<\/p>\n","protected":false},"author":1,"featured_media":0,"parent":0,"menu_order":0,"comment_status":"closed","ping_status":"closed","template":"page-templates\/template-pagebuilder-full-width.php","meta":{"neve_meta_sidebar":"full-width","neve_meta_container":"","neve_meta_enable_content_width":"on","neve_meta_content_width":100,"neve_meta_title_alignment":"","neve_meta_author_avatar":"","neve_post_elements_order":"","neve_meta_disable_header":"","neve_meta_disable_footer":"","neve_meta_disable_title":"on","footnotes":""},"class_list":["post-1897","page","type-page","status-publish","hentry"],"_links":{"self":[{"href":"https:\/\/www.paris-hotel-eiffel-capitol.com\/pt-pt\/wp-json\/wp\/v2\/pages\/1897","targetHints":{"allow":["GET"]}}],"collection":[{"href":"https:\/\/www.paris-hotel-eiffel-capitol.com\/pt-pt\/wp-json\/wp\/v2\/pages"}],"about":[{"href":"https:\/\/www.paris-hotel-eiffel-capitol.com\/pt-pt\/wp-json\/wp\/v2\/types\/page"}],"author":[{"embeddable":true,"href":"https:\/\/www.paris-hotel-eiffel-capitol.com\/pt-pt\/wp-json\/wp\/v2\/users\/1"}],"replies":[{"embeddable":true,"href":"https:\/\/www.paris-hotel-eiffel-capitol.com\/pt-pt\/wp-json\/wp\/v2\/comments?post=1897"}],"version-history":[{"count":2,"href":"https:\/\/www.paris-hotel-eiffel-capitol.com\/pt-pt\/wp-json\/wp\/v2\/pages\/1897\/revisions"}],"predecessor-version":[{"id":3556,"href":"https:\/\/www.paris-hotel-eiffel-capitol.com\/pt-pt\/wp-json\/wp\/v2\/pages\/1897\/revisions\/3556"}],"wp:attachment":[{"href":"https:\/\/www.paris-hotel-eiffel-capitol.com\/pt-pt\/wp-json\/wp\/v2\/media?parent=1897"}],"curies":[{"name":"wp","href":"https:\/\/api.w.org\/{rel}","templated":true}]}}